{"id":394,"date":"2023-08-14T05:46:06","date_gmt":"2023-08-14T05:46:06","guid":{"rendered":"https:\/\/altenburgdentalsolutions.com\/privacy-policy\/"},"modified":"2023-10-12T07:37:27","modified_gmt":"2023-10-12T07:37:27","slug":"privacy-policy","status":"publish","type":"page","link":"https:\/\/altenburgdentalsolutions.com\/de\/privacy-policy\/","title":{"rendered":"Privacy policy"},"content":{"rendered":"<h1>Privacy Policy<\/h1>\n<p>Altenburg Dental Solutions located in Hungary, Mosonmagyar\u00f3v\u00e1r (belongs to CSB International Kft. Hungary, Mosonmagyar\u00f3v\u00e1r) is responsible for the processing of personal data as shown in this privacy statement.<\/p>\n<p><strong>Contact details: <\/strong><br \/>\n<a href=\"https:\/\/altenburgdentalsolutions.com\/de\/\">www.altenburgdentalsolutions.com<\/a><br \/>\n<a href=\"mailto:info@altenburgdentalsolutions.com\">info@altenburgdentalsolutions.com<\/a><\/p>\n<h3>Personal data that we process<\/h3>\n<p>Altenburg Dental Solutions processes your personal data because you use our services and \/ or because you provide these to us yourself. Below you will find an overview of the personal data that we process:<\/p>\n<ul>\n<li>Name<\/li>\n<li>Phone number<\/li>\n<li>Address<\/li>\n<li>E-mail address<\/li>\n<li>Dental procedure that you are interested in<\/li>\n<li>Any other details that is important for giving price quotation<\/li>\n<li>X-ray<\/li>\n<li>Your requests regarding: Free transfer, Hotel booking, Guided tour, Car rental<\/li>\n<\/ul>\n<p>Other personal data that you actively provide, for example, to register, in correspondence and by telephone.<\/p>\n<h3>For what purpose and on what basis we process personal data<\/h3>\n<p>Altenburg Dental Solutions processes your personal data for the following purposes:<\/p>\n<ul>\n<li>Being able to call or e-mail you if this is necessary to be able to perform our services<\/li>\n<li>Sending our newsletter and \/ or advertising brochure<\/li>\n<\/ul>\n<h3>Time of data processing<\/h3>\n<p>We keep all data until you unsubscribe.<\/p>\n<h3>Sharing of personal data with third parties<\/h3>\n<p>In order to prepare the price offer of your dental treatment, we need to share your data with the doctor\/clinic making the offer.<br \/>\nFurther persons with whom we may share your data upon your request: driver, hotel staff, tour guide, car rental clerk.<\/p>\n<p>In any other cases Altenburg Dental Solutions only provides to third parties if this is necessary to comply with a legal obligation.<\/p>\n<h3>Cookies<\/h3>\n<p>Altenburg Dental Solutions uses only technical and functional cookies and analytical cookies that do not infringe on your privacy. A cookie is a small text file that is stored on your computer, tablet or smartphone when you first visit this website. The cookies we use are necessary for the technical operation of the website and your ease of use. They ensure that the website works properly and, for example, remember your preferences. We can also use this to optimize our website.<\/p>\n<h3>View, modify or delete data<\/h3>\n<p>You have the right to withdraw your consent for data processing or to object to the processing of your personal data by Altenburg Dental Solutions. This means that you can submit a request to us to send the personal data that we hold about you in a computer file to you.You can send a request for access, correction, deletion, data transfer of your personal data or request for withdrawal of your consent or objection to the processing of your personal data to <a href=\"mailto:info@altenburgdentalsolutions.com\">info@altenburgdentalsolutions.com<\/a>.<\/p>\n<p>To ensure that the request for inspection has been made by you, we request that you send a copy of your proof of identity with the request. This is to protect your privacy. We will respond to your request as quickly as possible, but within two weeks.<\/p>\n<h3>How we protect personal data<\/h3>\n<p>Altenburg Dental Solutions takes the protection of your data seriously and takes appropriate measures to prevent abuse, loss, unauthorized access, unwanted disclosure and unauthorized changes. If you have the impression that your data is not properly protected or there are indications of abuse, please contact us via info@altenburgdentalsolutions.com.<\/p>\n","protected":false},"excerpt":{"rendered":"<p>Privacy Policy Altenburg Dental Solutions located in Hungary, Mosonmagyar\u00f3v\u00e1r (belongs to CSB International Kft. Hungary, Mosonmagyar\u00f3v\u00e1r) is responsible for the processing of personal data as shown in this privacy statement. Contact details: www.altenburgdentalsolutions.com info@altenburgdentalsolutions.com Personal data that we process Altenburg Dental Solutions processes your personal data because you use our services and \/ or because [&hellip;]<\/p>\n","protected":false},"author":1,"featured_media":0,"parent":0,"menu_order":0,"comment_status":"closed","ping_status":"closed","template":"","meta":{"inline_featured_image":false,"footnotes":""},"class_list":["post-394","page","type-page","status-publish","hentry"],"yoast_head":"<!-- This site is optimized with the Yoast SEO plugin v23.3 - https:\/\/yoast.com\/wordpress\/plugins\/seo\/ -->\n<title>Privacy policy - Altenburg Dental Solutions<\/title>\n<meta name=\"robots\" content=\"index, follow, max-snippet:-1, max-image-preview:large, max-video-preview:-1\" \/>\n<link rel=\"canonical\" href=\"https:\/\/altenburgdentalsolutions.com\/de\/privacy-policy\/\" \/>\n<meta property=\"og:locale\" content=\"de_DE\" \/>\n<meta property=\"og:type\" content=\"article\" \/>\n<meta property=\"og:title\" content=\"Privacy policy - Altenburg Dental Solutions\" \/>\n<meta property=\"og:description\" content=\"Privacy Policy Altenburg Dental Solutions located in Hungary, Mosonmagyar\u00f3v\u00e1r (belongs to CSB International Kft. Hungary, Mosonmagyar\u00f3v\u00e1r) is responsible for the processing of personal data as shown in this privacy statement. Contact details: www.altenburgdentalsolutions.com info@altenburgdentalsolutions.com Personal data that we process Altenburg Dental Solutions processes your personal data because you use our services and \/ or because [&hellip;]\" \/>\n<meta property=\"og:url\" content=\"https:\/\/altenburgdentalsolutions.com\/de\/privacy-policy\/\" \/>\n<meta property=\"og:site_name\" content=\"Altenburg Dental Solutions\" \/>\n<meta property=\"article:modified_time\" content=\"2023-10-12T07:37:27+00:00\" \/>\n<meta name=\"twitter:card\" content=\"summary_large_image\" \/>\n<meta name=\"twitter:label1\" content=\"Gesch\u00e4tzte Lesezeit\" \/>\n\t<meta name=\"twitter:data1\" content=\"3\u00a0Minuten\" \/>\n<script type=\"application\/ld+json\" class=\"yoast-schema-graph\">{\"@context\":\"https:\/\/schema.org\",\"@graph\":[{\"@type\":\"WebPage\",\"@id\":\"https:\/\/altenburgdentalsolutions.com\/de\/privacy-policy\/\",\"url\":\"https:\/\/altenburgdentalsolutions.com\/de\/privacy-policy\/\",\"name\":\"Privacy policy - Altenburg Dental Solutions\",\"isPartOf\":{\"@id\":\"https:\/\/altenburgdentalsolutions.com\/#website\"},\"datePublished\":\"2023-08-14T05:46:06+00:00\",\"dateModified\":\"2023-10-12T07:37:27+00:00\",\"breadcrumb\":{\"@id\":\"https:\/\/altenburgdentalsolutions.com\/de\/privacy-policy\/#breadcrumb\"},\"inLanguage\":\"de\",\"potentialAction\":[{\"@type\":\"ReadAction\",\"target\":[\"https:\/\/altenburgdentalsolutions.com\/de\/privacy-policy\/\"]}]},{\"@type\":\"BreadcrumbList\",\"@id\":\"https:\/\/altenburgdentalsolutions.com\/de\/privacy-policy\/#breadcrumb\",\"itemListElement\":[{\"@type\":\"ListItem\",\"position\":1,\"name\":\"Kezd\u0151lap\",\"item\":\"https:\/\/altenburgdentalsolutions.com\/de\/home\/\"},{\"@type\":\"ListItem\",\"position\":2,\"name\":\"Privacy policy\"}]},{\"@type\":\"WebSite\",\"@id\":\"https:\/\/altenburgdentalsolutions.com\/#website\",\"url\":\"https:\/\/altenburgdentalsolutions.com\/\",\"name\":\"Altenburg Dental Solutions\",\"description\":\"Travel, Smile, Save - Dental Tourism Delight\",\"publisher\":{\"@id\":\"https:\/\/altenburgdentalsolutions.com\/#organization\"},\"potentialAction\":[{\"@type\":\"SearchAction\",\"target\":{\"@type\":\"EntryPoint\",\"urlTemplate\":\"https:\/\/altenburgdentalsolutions.com\/?s={search_term_string}\"},\"query-input\":\"required name=search_term_string\"}],\"inLanguage\":\"de\"},{\"@type\":\"Organization\",\"@id\":\"https:\/\/altenburgdentalsolutions.com\/#organization\",\"name\":\"Altenburg Dental Solutions\",\"url\":\"https:\/\/altenburgdentalsolutions.com\/\",\"logo\":{\"@type\":\"ImageObject\",\"inLanguage\":\"de\",\"@id\":\"https:\/\/altenburgdentalsolutions.com\/#\/schema\/logo\/image\/\",\"url\":\"https:\/\/altenburgdentalsolutions.com\/wp-content\/uploads\/2023\/08\/altenburg.svg\",\"contentUrl\":\"https:\/\/altenburgdentalsolutions.com\/wp-content\/uploads\/2023\/08\/altenburg.svg\",\"width\":340,\"height\":156,\"caption\":\"Altenburg Dental Solutions\"},\"image\":{\"@id\":\"https:\/\/altenburgdentalsolutions.com\/#\/schema\/logo\/image\/\"}}]}<\/script>\n<!-- \/ Yoast SEO plugin. -->","yoast_head_json":{"title":"Privacy policy - Altenburg Dental Solutions","robots":{"index":"index","follow":"follow","max-snippet":"max-snippet:-1","max-image-preview":"max-image-preview:large","max-video-preview":"max-video-preview:-1"},"canonical":"https:\/\/altenburgdentalsolutions.com\/de\/privacy-policy\/","og_locale":"de_DE","og_type":"article","og_title":"Privacy policy - Altenburg Dental Solutions","og_description":"Privacy Policy Altenburg Dental Solutions located in Hungary, Mosonmagyar\u00f3v\u00e1r (belongs to CSB International Kft. Hungary, Mosonmagyar\u00f3v\u00e1r) is responsible for the processing of personal data as shown in this privacy statement. Contact details: www.altenburgdentalsolutions.com info@altenburgdentalsolutions.com Personal data that we process Altenburg Dental Solutions processes your personal data because you use our services and \/ or because [&hellip;]","og_url":"https:\/\/altenburgdentalsolutions.com\/de\/privacy-policy\/","og_site_name":"Altenburg Dental Solutions","article_modified_time":"2023-10-12T07:37:27+00:00","twitter_card":"summary_large_image","twitter_misc":{"Gesch\u00e4tzte Lesezeit":"3\u00a0Minuten"},"schema":{"@context":"https:\/\/schema.org","@graph":[{"@type":"WebPage","@id":"https:\/\/altenburgdentalsolutions.com\/de\/privacy-policy\/","url":"https:\/\/altenburgdentalsolutions.com\/de\/privacy-policy\/","name":"Privacy policy - Altenburg Dental Solutions","isPartOf":{"@id":"https:\/\/altenburgdentalsolutions.com\/#website"},"datePublished":"2023-08-14T05:46:06+00:00","dateModified":"2023-10-12T07:37:27+00:00","breadcrumb":{"@id":"https:\/\/altenburgdentalsolutions.com\/de\/privacy-policy\/#breadcrumb"},"inLanguage":"de","potentialAction":[{"@type":"ReadAction","target":["https:\/\/altenburgdentalsolutions.com\/de\/privacy-policy\/"]}]},{"@type":"BreadcrumbList","@id":"https:\/\/altenburgdentalsolutions.com\/de\/privacy-policy\/#breadcrumb","itemListElement":[{"@type":"ListItem","position":1,"name":"Kezd\u0151lap","item":"https:\/\/altenburgdentalsolutions.com\/de\/home\/"},{"@type":"ListItem","position":2,"name":"Privacy policy"}]},{"@type":"WebSite","@id":"https:\/\/altenburgdentalsolutions.com\/#website","url":"https:\/\/altenburgdentalsolutions.com\/","name":"Altenburg Dental Solutions","description":"Travel, Smile, Save - Dental Tourism Delight","publisher":{"@id":"https:\/\/altenburgdentalsolutions.com\/#organization"},"potentialAction":[{"@type":"SearchAction","target":{"@type":"EntryPoint","urlTemplate":"https:\/\/altenburgdentalsolutions.com\/?s={search_term_string}"},"query-input":"required name=search_term_string"}],"inLanguage":"de"},{"@type":"Organization","@id":"https:\/\/altenburgdentalsolutions.com\/#organization","name":"Altenburg Dental Solutions","url":"https:\/\/altenburgdentalsolutions.com\/","logo":{"@type":"ImageObject","inLanguage":"de","@id":"https:\/\/altenburgdentalsolutions.com\/#\/schema\/logo\/image\/","url":"https:\/\/altenburgdentalsolutions.com\/wp-content\/uploads\/2023\/08\/altenburg.svg","contentUrl":"https:\/\/altenburgdentalsolutions.com\/wp-content\/uploads\/2023\/08\/altenburg.svg","width":340,"height":156,"caption":"Altenburg Dental Solutions"},"image":{"@id":"https:\/\/altenburgdentalsolutions.com\/#\/schema\/logo\/image\/"}}]}},"_links":{"self":[{"href":"https:\/\/altenburgdentalsolutions.com\/de\/wp-json\/wp\/v2\/pages\/394","targetHints":{"allow":["GET"]}}],"collection":[{"href":"https:\/\/altenburgdentalsolutions.com\/de\/wp-json\/wp\/v2\/pages"}],"about":[{"href":"https:\/\/altenburgdentalsolutions.com\/de\/wp-json\/wp\/v2\/types\/page"}],"author":[{"embeddable":true,"href":"https:\/\/altenburgdentalsolutions.com\/de\/wp-json\/wp\/v2\/users\/1"}],"replies":[{"embeddable":true,"href":"https:\/\/altenburgdentalsolutions.com\/de\/wp-json\/wp\/v2\/comments?post=394"}],"version-history":[{"count":1,"href":"https:\/\/altenburgdentalsolutions.com\/de\/wp-json\/wp\/v2\/pages\/394\/revisions"}],"predecessor-version":[{"id":395,"href":"https:\/\/altenburgdentalsolutions.com\/de\/wp-json\/wp\/v2\/pages\/394\/revisions\/395"}],"wp:attachment":[{"href":"https:\/\/altenburgdentalsolutions.com\/de\/wp-json\/wp\/v2\/media?parent=394"}],"curies":[{"name":"wp","href":"https:\/\/api.w.org\/{rel}","templated":true}]}}