{"id":388,"date":"2023-08-15T13:35:12","date_gmt":"2023-08-15T13:35:12","guid":{"rendered":"https:\/\/altenburgdentalsolutions.com\/location-transfer\/"},"modified":"2023-10-12T11:05:28","modified_gmt":"2023-10-12T11:05:28","slug":"lage-transfer","status":"publish","type":"page","link":"https:\/\/altenburgdentalsolutions.com\/de\/lage-transfer\/","title":{"rendered":"Lage &#038; Transfer"},"content":{"rendered":"\n<style type=\"text\/css\" data-created_by=\"avia_inline_auto\" id=\"style-css-av-llccfqyn-4f4a7d50fc7026986356931429dce77c\">\n.avia-section.av-llccfqyn-4f4a7d50fc7026986356931429dce77c{\nbackground-repeat:no-repeat;\nbackground-image:url(https:\/\/altenburgdentalsolutions.com\/wp-content\/uploads\/2023\/08\/location.jpg);\nbackground-position:0% 0%;\nbackground-attachment:scroll;\n}\n<\/style>\n<div id='av_section_1'  class='avia-section av-llccfqyn-4f4a7d50fc7026986356931429dce77c main_color avia-section-default avia-no-border-styling  avia-builder-el-0  el_before_av_section  avia-builder-el-first  avia-full-stretch avia-bg-style-scroll av-minimum-height av-minimum-height-custom av-height-custom  container_wrap fullsize'  data-section-bg-repeat='stretch' data-av_minimum_height_px='500'><div class='container av-section-cont-open' style='height:500px'><main  role=\"main\" itemprop=\"mainContentOfPage\"  class='template-page content  av-content-full alpha units'><div class='post-entry post-entry-type-page post-entry-388'><div class='entry-content-wrapper clearfix'>\n<div  class='flex_column av-sw3r7-efe01a84e6895c692a48e0b67130f715 av_one_full  avia-builder-el-1  avia-builder-el-no-sibling  first flex_column_div  '     ><style type=\"text\/css\" data-created_by=\"avia_inline_auto\" id=\"style-css-av-llcceatn-15bb6f9cf693569520fc0e5d9ec46d21\">\n#top .av-special-heading.av-llcceatn-15bb6f9cf693569520fc0e5d9ec46d21{\npadding-bottom:0;\ncolor:#ffffff;\n}\nbody .av-special-heading.av-llcceatn-15bb6f9cf693569520fc0e5d9ec46d21 .av-special-heading-tag .heading-char{\nfont-size:25px;\n}\n.av-special-heading.av-llcceatn-15bb6f9cf693569520fc0e5d9ec46d21 .special-heading-inner-border{\nborder-color:#ffffff;\n}\n.av-special-heading.av-llcceatn-15bb6f9cf693569520fc0e5d9ec46d21 .av-subheading{\nfont-size:15px;\n}\n<\/style>\n<div  class='av-special-heading av-llcceatn-15bb6f9cf693569520fc0e5d9ec46d21 av-special-heading-h1 custom-color-heading blockquote modern-quote  avia-builder-el-2  avia-builder-el-no-sibling '><h1 class='av-special-heading-tag'  itemprop=\"headline\"  >Lage <span class='special_amp'>&amp;<\/span> Transfer<\/h1><div class=\"special-heading-border\"><div class=\"special-heading-inner-border\"><\/div><\/div><\/div><\/div>\n\n<\/div><\/div><\/main><!-- close content main element --><\/div><\/div><div id='av_section_2'  class='avia-section av-1vy2j-2b146433eedad2b284ed12d8c092a1c7 main_color avia-section-default avia-no-shadow  avia-builder-el-3  el_after_av_section  el_before_av_section  barnaborder avia-bg-style-scroll container_wrap fullsize'  ><div class='container av-section-cont-open' ><div class='template-page content  av-content-full alpha units'><div class='post-entry post-entry-type-page post-entry-388'><div class='entry-content-wrapper clearfix'>\n<div class='flex_column_table av-fyszf-601b8b605bfc3440e0b6edf37bd1d998 sc-av_one_half av-equal-height-column-flextable'><div  class='flex_column av-fyszf-601b8b605bfc3440e0b6edf37bd1d998 av_one_half  avia-builder-el-4  el_before_av_one_half  avia-builder-el-first  first flex_column_table_cell av-equal-height-column av-align-middle av-animated-generic bottom-to-top  '     ><style type=\"text\/css\" data-created_by=\"avia_inline_auto\" id=\"style-css-av-llcciy8u-0c8203829039e92864789515e8b4c9f5\">\n.avia-image-container.av-llcciy8u-0c8203829039e92864789515e8b4c9f5 img.avia_image{\nbox-shadow:none;\n}\n.avia-image-container.av-llcciy8u-0c8203829039e92864789515e8b4c9f5 .av-image-caption-overlay-center{\ncolor:#ffffff;\n}\n<\/style>\n<div  class='avia-image-container av-llcciy8u-0c8203829039e92864789515e8b4c9f5 av-styling- avia-align-center  avia-builder-el-5  avia-builder-el-no-sibling '   itemprop=\"image\" itemscope=\"itemscope\" itemtype=\"https:\/\/schema.org\/ImageObject\" ><div class=\"avia-image-container-inner\"><div class=\"avia-image-overlay-wrap\"><img decoding=\"async\" class='wp-image-324 avia-img-lazy-loading-not-324 avia_image ' src=\"https:\/\/altenburgdentalsolutions.com\/wp-content\/uploads\/2023\/08\/locationtransfer.png\" alt='' title=''  height=\"580\" width=\"695\"  itemprop=\"thumbnailUrl\" srcset=\"https:\/\/altenburgdentalsolutions.com\/wp-content\/uploads\/2023\/08\/locationtransfer.png 695w, https:\/\/altenburgdentalsolutions.com\/wp-content\/uploads\/2023\/08\/locationtransfer-300x250.png 300w\" sizes=\"(max-width: 695px) 100vw, 695px\" \/><\/div><\/div><\/div><\/div><div class='av-flex-placeholder'><\/div><div  class='flex_column av-b9l5v-6bf82b4be9f868a4733ba5b27d64eb41 av_one_half  avia-builder-el-6  el_after_av_one_half  avia-builder-el-last  flex_column_table_cell av-equal-height-column av-align-middle av-animated-generic bottom-to-top  '     ><section  class='av_textblock_section av-llccgrng-2621a60b8e285132f8af812fcc020717 '   itemscope=\"itemscope\" itemtype=\"https:\/\/schema.org\/CreativeWork\" ><div class='avia_textblock'  itemprop=\"text\" ><h2>Lage<\/h2>\n<p>Unsere Partnerzahnkliniken befinden sich in Mosonmagyar\u00f3v\u00e1r (Wieselburg-Ungarisch Altenburg) im Nordwesten Ungarns in Europa. Es liegt nahe der \u00f6sterreichischen und slowakischen Grenze. Mit den nahe gelegenen internationalen Flugh\u00e4fen in Wien und Bratislava zieht Mosonmagyar\u00f3v\u00e1r sogar Patienten aus der ganzen Welt an, die sogar aus Kanada und den Vereinigten Staaten anreisen.<\/p>\n<\/div><\/section><br \/>\n\n<style type=\"text\/css\" data-created_by=\"avia_inline_auto\" id=\"style-css-av-llcchrxp-2d2121a88896b3ed5493250dd26386e7\">\n#top .av_textblock_section.av-llcchrxp-2d2121a88896b3ed5493250dd26386e7 .avia_textblock{\ncolor:#000000;\n}\n<\/style>\n<section  class='av_textblock_section av-llcchrxp-2d2121a88896b3ed5493250dd26386e7 '   itemscope=\"itemscope\" itemtype=\"https:\/\/schema.org\/CreativeWork\" ><div class='avia_textblock av_inherit_color'  itemprop=\"text\" ><h3>Direkte Hochgeschwindigkeitsz\u00fcge von Mosonmagyar\u00f3v\u00e1r:<\/h3>\n<p><strong>nach Budapest, Ungarn<\/strong> \u2013 90 Min. \u2013 170 km<br \/>\n<strong>nach Wien, \u00d6sterreich<\/strong> \u2013 80 Min. \u2013 89 km<br \/>\n<strong>nach Salzburg, \u00d6sterreich<\/strong> \u2013 4 Stunden \u2013 395 km<br \/>\n<strong>nach M\u00fcnchen, Deutschland<\/strong> \u2013 5h40min \u2013 498 km<br \/>\n<strong>nach Augsburg, Deutschland<\/strong> \u2013 8h25min \u2013 564 km<br \/>\n<strong>nach Stuttgart, Deutschland<\/strong> \u2013 10h17min \u2013 718 km<br \/>\n<strong>nach Z\u00fcrich, Schweiz \u2013 10 Stunden<\/strong> \u2013 807 km<\/p>\n<\/div><\/section><\/p><\/div><\/div><!--close column table wrapper. Autoclose: 1 --><\/div><\/div><\/div><!-- close content main div --><\/div><\/div><div id='av_section_3'  class='avia-section av-llcckhou-fd453876d5f9e6c8d3f6377fbb0867c7 main_color avia-section-default avia-no-border-styling  avia-builder-el-9  el_after_av_section  el_before_av_section  footerhatter fehercimsor avia-bg-style-scroll container_wrap fullsize'  ><div class='container av-section-cont-open' ><div class='template-page content  av-content-full alpha units'><div class='post-entry post-entry-type-page post-entry-388'><div class='entry-content-wrapper clearfix'>\n<div class='flex_column_table av-bkr63-b63935d1ba312c5b2630827d182588c4 sc-av_one_full av-equal-height-column-flextable'><div  class='flex_column av-bkr63-b63935d1ba312c5b2630827d182588c4 av_one_full  avia-builder-el-10  avia-builder-el-no-sibling  first flex_column_table_cell av-equal-height-column av-align-middle av-animated-generic bottom-to-top  '     ><style type=\"text\/css\" data-created_by=\"avia_inline_auto\" id=\"style-css-av-llcckcdl-37cf2be429932a61f44cc8d32790fa7d\">\n#top .av_textblock_section.av-llcckcdl-37cf2be429932a61f44cc8d32790fa7d .avia_textblock{\ncolor:#ffffff;\n}\n<\/style>\n<section  class='av_textblock_section av-llcckcdl-37cf2be429932a61f44cc8d32790fa7d '   itemscope=\"itemscope\" itemtype=\"https:\/\/schema.org\/CreativeWork\" ><div class='avia_textblock av_inherit_color'  itemprop=\"text\" ><h2 style=\"text-align: center;\">Flughafentransfer<\/h2>\n<p style=\"text-align: center;\">Ein kostenloser Transfer von den wichtigsten Flugh\u00e4fen in der N\u00e4he und vom \u00f6rtlichen Bahnhof ist verf\u00fcgbar.<\/p>\n<p style=\"text-align: center;\">Empfohlene Flugh\u00e4fen: Wien (VIE) und Bratislava (BTS)<\/p>\n<\/div><\/section><\/div><\/div><!--close column table wrapper. Autoclose: 1 -->\n<\/p>\n<\/div><\/div><\/div><!-- close content main div --><\/div><\/div><div id='av_section_4'  class='avia-section av-llcclfe6-22e995f605792fbc7373524394e9b2c2 main_color avia-section-default avia-no-border-styling  avia-builder-el-12  el_after_av_section  el_before_av_layout_row  avia-bg-style-scroll container_wrap fullsize'  ><div class='container av-section-cont-open' ><div class='template-page content  av-content-full alpha units'><div class='post-entry post-entry-type-page post-entry-388'><div class='entry-content-wrapper clearfix'>\n<div class='flex_column_table av-aaabv-9d57c31666bee44576d50666d8957580 sc-av_one_full av-equal-height-column-flextable'><div  class='flex_column av-aaabv-9d57c31666bee44576d50666d8957580 av_one_full  avia-builder-el-13  avia-builder-el-no-sibling  first flex_column_table_cell av-equal-height-column av-align-middle av-animated-generic bottom-to-top  '     ><section  class='av_textblock_section av-llcclkg2-0658aec672b05d28d969182edf5b0c9a '   itemscope=\"itemscope\" itemtype=\"https:\/\/schema.org\/CreativeWork\" ><div class='avia_textblock barnabold av_inherit_color'  itemprop=\"text\" ><h2 style=\"text-align: center;\">Autovermietung<\/h2>\n<p style=\"text-align: center;\">Sie k\u00f6nnen in Mosonmagyar\u00f3v\u00e1r (Wieselburg-Ungarisch Altenburg) ein Auto f\u00fcr einen k\u00fcrzeren oder l\u00e4ngeren Zeitraum mieten. Wir helfen bei der Verwaltung und in diesem Fall erhalten Sie 10% Rabatt auf den Standardmietpreis.<\/p>\n<p style=\"text-align: center;\"><strong><a href=\"https:\/\/inicial.hu\/berauto\">https:\/\/inicial.hu\/berauto<\/a><\/strong><\/p>\n<p style=\"text-align: center;\">Autovermietungen gibt es am Flughafen Wien-Schwechat. Zahlreiche Autovermietungen finden Sie im Car Rental Center im Parkhaus 4 (P4) auf Ebene 0, das \u00fcber einen unterirdischen Verbindungsgang schnell und wettergesch\u00fctzt erreichbar ist.<\/p>\n<p style=\"text-align: center;\"><strong><a href=\"https:\/\/www.viennaairport.com\/en\/passengers\/arrival__parking\/car_rental\">https:\/\/www.viennaairport.com\/en\/passengers\/arrival__parking\/car_rental<\/a><\/strong><\/p>\n<\/div><\/section><\/div><\/div><!--close column table wrapper. Autoclose: 1 -->\n\n<\/div><\/div><\/div><!-- close content main div --><\/div><\/div><div id='av-layout-grid-1'  class='av-layout-grid-container av-9zz6r-c35136f3e1dcc72954ef819830f2a342 entry-content-wrapper main_color av-flex-cells  avia-builder-el-15  el_after_av_section  avia-builder-el-last  grid-row-not-first  container_wrap fullsize'  >\n\n<style type=\"text\/css\" data-created_by=\"avia_inline_auto\" id=\"style-css-av-llcct6bp-1c964c27dee9219b00b66cc0eacc9357\">\n.flex_cell.av-llcct6bp-1c964c27dee9219b00b66cc0eacc9357{\nvertical-align:top;\n}\n.responsive #top #wrap_all .flex_cell.av-llcct6bp-1c964c27dee9219b00b66cc0eacc9357{\npadding:0px 0px 0px 0px !important;\n}\n<\/style>\n<div class='flex_cell av-llcct6bp-1c964c27dee9219b00b66cc0eacc9357 av-gridrow-cell av_one_full no_margin  avia-builder-el-16  avia-builder-el-no-sibling  av-zero-padding'  ><div class='flex_cell_inner'><section  class='av_textblock_section av-llccs1vu-4dc7bbfe61e7f85a7ab9c8f79b02f6a4 '   itemscope=\"itemscope\" itemtype=\"https:\/\/schema.org\/CreativeWork\" ><div class='avia_textblock'  itemprop=\"text\" ><p><iframe loading=\"lazy\" style=\"border: 0;\" src=\"https:\/\/www.google.com\/maps\/embed?pb=!1m18!1m12!1m3!1d85646.80765807614!2d17.289464399999996!3d47.8693675!2m3!1f0!2f0!3f0!3m2!1i1024!2i768!4f13.1!3m3!1m2!1s0x476b881634aedb0d%3A0x400c4290c1e1790!2zTW9zb25tYWd5YXLDs3bDoXIsIDkyMDA!5e0!3m2!1shu!2shu!4v1692106909828!5m2!1shu!2shu\" width=\"100%\" height=\"450\" allowfullscreen=\"allowfullscreen\"><\/iframe><\/p>\n<\/div><\/section>\n<\/div><\/div>\n<\/div>\n","protected":false},"excerpt":{"rendered":"","protected":false},"author":1,"featured_media":0,"parent":0,"menu_order":0,"comment_status":"closed","ping_status":"closed","template":"","meta":{"inline_featured_image":false,"footnotes":""},"class_list":["post-388","page","type-page","status-publish","hentry"],"yoast_head":"<!-- This site is optimized with the Yoast SEO plugin v23.3 - https:\/\/yoast.com\/wordpress\/plugins\/seo\/ -->\n<title>Lage &amp; Transfer - Altenburg Dental Solutions<\/title>\n<meta name=\"description\" content=\"Unsere Partnerzahnkliniken befinden sich in Mosonmagyar\u00f3v\u00e1r (Wieselburg-Ungarisch Altenburg) im Nordwesten Ungarns in Europa.\" \/>\n<meta name=\"robots\" content=\"index, follow, max-snippet:-1, max-image-preview:large, max-video-preview:-1\" \/>\n<link rel=\"canonical\" href=\"https:\/\/altenburgdentalsolutions.com\/de\/lage-transfer\/\" \/>\n<meta property=\"og:locale\" content=\"de_DE\" \/>\n<meta property=\"og:type\" content=\"article\" \/>\n<meta property=\"og:title\" content=\"Lage &amp; Transfer - Altenburg Dental Solutions\" \/>\n<meta property=\"og:description\" content=\"Unsere Partnerzahnkliniken befinden sich in Mosonmagyar\u00f3v\u00e1r (Wieselburg-Ungarisch Altenburg) im Nordwesten Ungarns in Europa.\" \/>\n<meta property=\"og:url\" content=\"https:\/\/altenburgdentalsolutions.com\/de\/lage-transfer\/\" \/>\n<meta property=\"og:site_name\" content=\"Altenburg Dental Solutions\" \/>\n<meta property=\"article:modified_time\" content=\"2023-10-12T11:05:28+00:00\" \/>\n<meta name=\"twitter:card\" content=\"summary_large_image\" \/>\n<meta name=\"twitter:label1\" content=\"Gesch\u00e4tzte Lesezeit\" \/>\n\t<meta name=\"twitter:data1\" content=\"8\u00a0Minuten\" \/>\n<script type=\"application\/ld+json\" class=\"yoast-schema-graph\">{\"@context\":\"https:\/\/schema.org\",\"@graph\":[{\"@type\":\"WebPage\",\"@id\":\"https:\/\/altenburgdentalsolutions.com\/de\/lage-transfer\/\",\"url\":\"https:\/\/altenburgdentalsolutions.com\/de\/lage-transfer\/\",\"name\":\"Lage & Transfer - Altenburg Dental Solutions\",\"isPartOf\":{\"@id\":\"https:\/\/altenburgdentalsolutions.com\/#website\"},\"datePublished\":\"2023-08-15T13:35:12+00:00\",\"dateModified\":\"2023-10-12T11:05:28+00:00\",\"description\":\"Unsere Partnerzahnkliniken befinden sich in Mosonmagyar\u00f3v\u00e1r (Wieselburg-Ungarisch Altenburg) im Nordwesten Ungarns in Europa.\",\"breadcrumb\":{\"@id\":\"https:\/\/altenburgdentalsolutions.com\/de\/lage-transfer\/#breadcrumb\"},\"inLanguage\":\"de\",\"potentialAction\":[{\"@type\":\"ReadAction\",\"target\":[\"https:\/\/altenburgdentalsolutions.com\/de\/lage-transfer\/\"]}]},{\"@type\":\"BreadcrumbList\",\"@id\":\"https:\/\/altenburgdentalsolutions.com\/de\/lage-transfer\/#breadcrumb\",\"itemListElement\":[{\"@type\":\"ListItem\",\"position\":1,\"name\":\"Kezd\u0151lap\",\"item\":\"https:\/\/altenburgdentalsolutions.com\/de\/home\/\"},{\"@type\":\"ListItem\",\"position\":2,\"name\":\"Lage &#038; Transfer\"}]},{\"@type\":\"WebSite\",\"@id\":\"https:\/\/altenburgdentalsolutions.com\/#website\",\"url\":\"https:\/\/altenburgdentalsolutions.com\/\",\"name\":\"Altenburg Dental Solutions\",\"description\":\"Travel, Smile, Save - Dental Tourism Delight\",\"publisher\":{\"@id\":\"https:\/\/altenburgdentalsolutions.com\/#organization\"},\"potentialAction\":[{\"@type\":\"SearchAction\",\"target\":{\"@type\":\"EntryPoint\",\"urlTemplate\":\"https:\/\/altenburgdentalsolutions.com\/?s={search_term_string}\"},\"query-input\":\"required name=search_term_string\"}],\"inLanguage\":\"de\"},{\"@type\":\"Organization\",\"@id\":\"https:\/\/altenburgdentalsolutions.com\/#organization\",\"name\":\"Altenburg Dental Solutions\",\"url\":\"https:\/\/altenburgdentalsolutions.com\/\",\"logo\":{\"@type\":\"ImageObject\",\"inLanguage\":\"de\",\"@id\":\"https:\/\/altenburgdentalsolutions.com\/#\/schema\/logo\/image\/\",\"url\":\"https:\/\/altenburgdentalsolutions.com\/wp-content\/uploads\/2023\/08\/altenburg.svg\",\"contentUrl\":\"https:\/\/altenburgdentalsolutions.com\/wp-content\/uploads\/2023\/08\/altenburg.svg\",\"width\":340,\"height\":156,\"caption\":\"Altenburg Dental Solutions\"},\"image\":{\"@id\":\"https:\/\/altenburgdentalsolutions.com\/#\/schema\/logo\/image\/\"}}]}<\/script>\n<!-- \/ Yoast SEO plugin. -->","yoast_head_json":{"title":"Lage & Transfer - Altenburg Dental Solutions","description":"Unsere Partnerzahnkliniken befinden sich in Mosonmagyar\u00f3v\u00e1r (Wieselburg-Ungarisch Altenburg) im Nordwesten Ungarns in Europa.","robots":{"index":"index","follow":"follow","max-snippet":"max-snippet:-1","max-image-preview":"max-image-preview:large","max-video-preview":"max-video-preview:-1"},"canonical":"https:\/\/altenburgdentalsolutions.com\/de\/lage-transfer\/","og_locale":"de_DE","og_type":"article","og_title":"Lage & Transfer - Altenburg Dental Solutions","og_description":"Unsere Partnerzahnkliniken befinden sich in Mosonmagyar\u00f3v\u00e1r (Wieselburg-Ungarisch Altenburg) im Nordwesten Ungarns in Europa.","og_url":"https:\/\/altenburgdentalsolutions.com\/de\/lage-transfer\/","og_site_name":"Altenburg Dental Solutions","article_modified_time":"2023-10-12T11:05:28+00:00","twitter_card":"summary_large_image","twitter_misc":{"Gesch\u00e4tzte Lesezeit":"8\u00a0Minuten"},"schema":{"@context":"https:\/\/schema.org","@graph":[{"@type":"WebPage","@id":"https:\/\/altenburgdentalsolutions.com\/de\/lage-transfer\/","url":"https:\/\/altenburgdentalsolutions.com\/de\/lage-transfer\/","name":"Lage & Transfer - Altenburg Dental Solutions","isPartOf":{"@id":"https:\/\/altenburgdentalsolutions.com\/#website"},"datePublished":"2023-08-15T13:35:12+00:00","dateModified":"2023-10-12T11:05:28+00:00","description":"Unsere Partnerzahnkliniken befinden sich in Mosonmagyar\u00f3v\u00e1r (Wieselburg-Ungarisch Altenburg) im Nordwesten Ungarns in Europa.","breadcrumb":{"@id":"https:\/\/altenburgdentalsolutions.com\/de\/lage-transfer\/#breadcrumb"},"inLanguage":"de","potentialAction":[{"@type":"ReadAction","target":["https:\/\/altenburgdentalsolutions.com\/de\/lage-transfer\/"]}]},{"@type":"BreadcrumbList","@id":"https:\/\/altenburgdentalsolutions.com\/de\/lage-transfer\/#breadcrumb","itemListElement":[{"@type":"ListItem","position":1,"name":"Kezd\u0151lap","item":"https:\/\/altenburgdentalsolutions.com\/de\/home\/"},{"@type":"ListItem","position":2,"name":"Lage &#038; Transfer"}]},{"@type":"WebSite","@id":"https:\/\/altenburgdentalsolutions.com\/#website","url":"https:\/\/altenburgdentalsolutions.com\/","name":"Altenburg Dental Solutions","description":"Travel, Smile, Save - Dental Tourism Delight","publisher":{"@id":"https:\/\/altenburgdentalsolutions.com\/#organization"},"potentialAction":[{"@type":"SearchAction","target":{"@type":"EntryPoint","urlTemplate":"https:\/\/altenburgdentalsolutions.com\/?s={search_term_string}"},"query-input":"required name=search_term_string"}],"inLanguage":"de"},{"@type":"Organization","@id":"https:\/\/altenburgdentalsolutions.com\/#organization","name":"Altenburg Dental Solutions","url":"https:\/\/altenburgdentalsolutions.com\/","logo":{"@type":"ImageObject","inLanguage":"de","@id":"https:\/\/altenburgdentalsolutions.com\/#\/schema\/logo\/image\/","url":"https:\/\/altenburgdentalsolutions.com\/wp-content\/uploads\/2023\/08\/altenburg.svg","contentUrl":"https:\/\/altenburgdentalsolutions.com\/wp-content\/uploads\/2023\/08\/altenburg.svg","width":340,"height":156,"caption":"Altenburg Dental Solutions"},"image":{"@id":"https:\/\/altenburgdentalsolutions.com\/#\/schema\/logo\/image\/"}}]}},"_links":{"self":[{"href":"https:\/\/altenburgdentalsolutions.com\/de\/wp-json\/wp\/v2\/pages\/388","targetHints":{"allow":["GET"]}}],"collection":[{"href":"https:\/\/altenburgdentalsolutions.com\/de\/wp-json\/wp\/v2\/pages"}],"about":[{"href":"https:\/\/altenburgdentalsolutions.com\/de\/wp-json\/wp\/v2\/types\/page"}],"author":[{"embeddable":true,"href":"https:\/\/altenburgdentalsolutions.com\/de\/wp-json\/wp\/v2\/users\/1"}],"replies":[{"embeddable":true,"href":"https:\/\/altenburgdentalsolutions.com\/de\/wp-json\/wp\/v2\/comments?post=388"}],"version-history":[{"count":7,"href":"https:\/\/altenburgdentalsolutions.com\/de\/wp-json\/wp\/v2\/pages\/388\/revisions"}],"predecessor-version":[{"id":437,"href":"https:\/\/altenburgdentalsolutions.com\/de\/wp-json\/wp\/v2\/pages\/388\/revisions\/437"}],"wp:attachment":[{"href":"https:\/\/altenburgdentalsolutions.com\/de\/wp-json\/wp\/v2\/media?parent=388"}],"curies":[{"name":"wp","href":"https:\/\/api.w.org\/{rel}","templated":true}]}}